{"id":857,"date":"2024-09-03T12:32:26","date_gmt":"2024-09-03T12:32:26","guid":{"rendered":"https:\/\/curac.org\/?page_id=857"},"modified":"2025-01-23T12:53:16","modified_gmt":"2025-01-23T12:53:16","slug":"mitgliedschaft","status":"publish","type":"page","link":"https:\/\/curac.org\/en\/mitgliedschaft\/","title":{"rendered":"Mitgliedschaft"},"content":{"rendered":"<div id=\"mitglied\"  data-column-margin=\"default\" data-midnight=\"dark\" data-top-percent=\"8%\" data-bottom-percent=\"5%\"  class=\"wpb_row vc_row-fluid vc_row full-width-section bg-animation--slight parallax_section\"  style=\"padding-top: calc(100vw * 0.08); padding-bottom: calc(100vw * 0.05); \"><div class=\"row-bg-wrap\" data-bg-animation=\"zoom-out-reveal\" data-bg-animation-delay=\"250\" data-bg-overlay=\"true\"><div class=\"inner-wrap row-bg-layer using-image\" ><div class=\"row-bg viewport-desktop using-image\" data-parallax-speed=\"fast\" style=\"background-image: url(https:\/\/curac.org\/wp-content\/uploads\/2024\/09\/0933_FAU_TECHFAK_FATHER-AND-SUN_20231018_1226-scaled.jpg); background-position: left top; background-repeat: no-repeat; \"><\/div><\/div><div class=\"row-bg-overlay row-bg-layer\" style=\"background-color:#002560;  opacity: 0.8; \"><\/div><\/div><div class=\"nectar-shape-divider-wrap no-color\" style=\" height:100px;\"  data-height=\"100\" data-front=\"\" data-style=\"tilt_alt\" data-position=\"bottom\" ><svg class=\"nectar-shape-divider\" aria-hidden=\"true\" fill=\"\" xmlns=\"http:\/\/www.w3.org\/2000\/svg\" viewbox=\"0 0 100 10\" preserveaspectratio=\"none\"> <polygon points=\"100 10 100 0 -4 10\"><\/polygon> <\/svg><\/div><div class=\"row_col_wrap_12 col span_12 dark left\">\n\t<div style=\" color: #ffffff;\" class=\"vc_col-sm-8 wpb_column column_container vc_column_container col no-extra-padding inherit_tablet inherit_phone\" data-cfc=\"true\"  data-padding-pos=\"all\" data-has-bg-color=\"false\" data-bg-color=\"\" data-bg-opacity=\"1\" data-animation=\"\" data-delay=\"0\" >\n\t\t<div class=\"vc_column-inner\" >\n\t\t\t<div class=\"wpb_wrapper\">\n\t\t\t\t<div class=\"nectar-gradient-text\" data-direction=\"horizontal\" data-color=\"extra-color-gradient-1\" style=\"\"><h1>Werden Sie CURAC Mitglied<\/h1><\/div>\n<div class=\"wpb_text_column wpb_content_element\" >\n\t<p class=\"translation-block\"><a href=\"#antrag\" target=\"_self\">Here<\/a>  you can apply for admission to the CURAC society. Currently, the annual membership fee is:<\/p>\n<ul>\n<li>50 \u20ac normal  fee<\/li>\n<li>reduced member fee for PhD students<\/li>\n<li class=\"translation-block\">0 \u20ac membership fee for students (please send a copy of your student card to the <a href=\"\/en\/kontakt\/\" target=\"_self\">CURAC office,<\/a> c\/o: Ms. Sch\u00e4fer).<\/li>\n<\/ul>\n<p class=\"translation-block\">The CURAC office will contact you immediately after receiving your application. Please use the <a href=\"\/wp-content\/uploads\/2025\/01\/bankeinzug_neu.pdf\" target=\"_blank\" rel=\"noopener\">printed form<\/a> for a direct debit order.<\/p>\n<p>By filling in the application form you acknowledge your request for admission to the CURAC as full\/corresponding member and you confirm that you have acknowledged the terms and conditions of CURAC membership.<\/p>\n<\/div>\n\n\n\n<div class=\"divider-wrap\" data-alignment=\"default\"><div style=\"height: 20px;\" class=\"divider\"><\/div><\/div><a class=\"nectar-button large regular m-extra-color-gradient-1\"  role=\"button\" style=\"background-color: #6aaade;\"  href=\"\/wp-content\/uploads\/2024\/08\/Aktuelle_Satzung_Stand_14.09.2018.pdf\" data-color-override=\"#6aaade\" data-hover-color-override=\"false\" data-hover-text-color-override=\"#fff\"><span>See Statute<\/span><\/a>\n\t\t\t<\/div> \n\t\t<\/div>\n\t<\/div> \n\n\t<div  class=\"vc_col-sm-4 wpb_column column_container vc_column_container col no-extra-padding inherit_tablet inherit_phone\"  data-padding-pos=\"all\" data-has-bg-color=\"false\" data-bg-color=\"\" data-bg-opacity=\"1\" data-animation=\"\" data-delay=\"0\" >\n\t\t<div class=\"vc_column-inner\" >\n\t\t\t<div class=\"wpb_wrapper\">\n\t\t\t\t\n\t\t\t<\/div> \n\t\t<\/div>\n\t<\/div> \n<\/div><\/div>\n\t\t<div id=\"antrag\"  data-column-margin=\"default\" data-midnight=\"dark\" data-top-percent=\"2%\" data-bottom-percent=\"4%\"  class=\"wpb_row vc_row-fluid vc_row full-width-section parallax_section zindex-set\"  style=\"padding-top: calc(100vw * 0.02); padding-bottom: calc(100vw * 0.04);  z-index: 100;\"><div class=\"row-bg-wrap\" data-bg-animation=\"none\" data-bg-animation-delay=\"\" data-bg-overlay=\"false\"><div class=\"inner-wrap row-bg-layer\" ><div class=\"row-bg viewport-desktop using-bg-color\" data-parallax-speed=\"fast\" style=\"background-color: #ffffff; \"><\/div><\/div><\/div><div class=\"row_col_wrap_12 col span_12 dark left\">\n\t<div  class=\"vc_col-sm-2 wpb_column column_container vc_column_container col no-extra-padding inherit_tablet inherit_phone\"  data-padding-pos=\"all\" data-has-bg-color=\"false\" data-bg-color=\"\" data-bg-opacity=\"1\" data-animation=\"\" data-delay=\"0\" >\n\t\t<div class=\"vc_column-inner\" >\n\t\t\t<div class=\"wpb_wrapper\">\n\t\t\t\t\n\t\t\t<\/div> \n\t\t<\/div>\n\t<\/div> \n\n\t<div style=\" color: #000000;margin-bottom: 2%; \" class=\"vc_col-sm-8 wpb_column column_container vc_column_container col no-extra-padding inherit_tablet inherit_phone\" data-cfc=\"true\"  data-padding-pos=\"all\" data-has-bg-color=\"false\" data-bg-color=\"\" data-bg-opacity=\"0.6\" data-animation=\"\" data-delay=\"0\" >\n\t\t<div class=\"vc_column-inner\" >\n\t\t\t<div class=\"wpb_wrapper\">\n\t\t\t\t<div id=\"fws_69e3511753191\" data-midnight=\"\" data-column-margin=\"default\" class=\"wpb_row vc_row-fluid vc_row inner_row\"  style=\"padding-bottom: 7%; \"><div class=\"row-bg-wrap\"> <div class=\"row-bg\" ><\/div> <\/div><div class=\"row_col_wrap_12_inner col span_12  left\">\n\t<div style=\" color: #000000;\" class=\"vc_col-sm-12 wpb_column column_container vc_column_container col child_column centered-text no-extra-padding inherit_tablet inherit_phone\" data-cfc=\"true\"  data-padding-pos=\"all\" data-has-bg-color=\"false\" data-bg-color=\"\" data-bg-opacity=\"1\" data-animation=\"\" data-delay=\"0\" >\n\t\t<div class=\"vc_column-inner\" >\n\t\t<div class=\"wpb_wrapper\">\n\t\t\t\n<div class=\"wpb_text_column wpb_content_element\" >\n\t<h2>Membership application<\/h2>\n<\/div>\n\n\n\n\n\t\t<\/div> \n\t<\/div>\n\t<\/div> \n<\/div><\/div><div id=\"fws_69e3511753cf5\" data-midnight=\"\" data-column-margin=\"default\" class=\"wpb_row vc_row-fluid vc_row inner_row\"  style=\"padding-bottom: 6%; \"><div class=\"row-bg-wrap\"> <div class=\"row-bg\" ><\/div> <\/div><div class=\"row_col_wrap_12_inner col span_12  left\">\n\t<div style=\"\" class=\"vc_col-sm-12 wpb_column column_container vc_column_container col child_column has-animation padding-5-percent inherit_tablet inherit_phone\"  data-using-bg=\"true\" data-shadow=\"medium_depth\" data-border-radius=\"10px\" data-padding-pos=\"all\" data-has-bg-color=\"true\" data-bg-color=\"#ffffff\" data-bg-opacity=\"1\" data-animation=\"grow-in\" data-delay=\"0\" >\n\t\t<div class=\"vc_column-inner\" ><div class=\"column-bg-overlay-wrap column-bg-layer\" data-bg-animation=\"none\"><div class=\"column-bg-overlay\" style=\"opacity: 1; background-color: #ffffff;\"><\/div><\/div>\n\t\t<div class=\"wpb_wrapper\">\n\t\t\t\n<div class=\"wpb_text_column wpb_content_element\" >\n\t<h5 style=\"text-align: left;\">\n<div class=\"wpcf7 no-js\" id=\"wpcf7-f865-o1\" lang=\"de-DE\" dir=\"ltr\" data-wpcf7-id=\"865\">\n<div class=\"screen-reader-response\"><p role=\"status\" aria-live=\"polite\" aria-atomic=\"true\"><\/p> <ul><\/ul><\/div>\n<form action=\"\/en\/wp-json\/wp\/v2\/pages\/857#wpcf7-f865-o1\" method=\"post\" class=\"wpcf7-form init\" aria-label=\"Contact form\" novalidate=\"novalidate\" data-status=\"init\" data-trp-original-action=\"\/en\/wp-json\/wp\/v2\/pages\/857#wpcf7-f865-o1\">\n<fieldset class=\"hidden-fields-container\"><input type=\"hidden\" name=\"_wpcf7\" value=\"865\" \/><input type=\"hidden\" name=\"_wpcf7_version\" value=\"6.1.5\" \/><input type=\"hidden\" name=\"_wpcf7_locale\" value=\"de_DE\" \/><input type=\"hidden\" name=\"_wpcf7_unit_tag\" value=\"wpcf7-f865-o1\" \/><input type=\"hidden\" name=\"_wpcf7_container_post\" value=\"0\" \/><input type=\"hidden\" name=\"_wpcf7_posted_data_hash\" value=\"\" \/>\n<\/fieldset>\n<p><label> Title<br \/>\n<span class=\"wpcf7-form-control-wrap\" data-name=\"titel\"><input size=\"40\" maxlength=\"400\" class=\"wpcf7-form-control wpcf7-text wpcf7-validates-as-required\" aria-required=\"true\" aria-invalid=\"false\" value=\"\" type=\"text\" name=\"titel\" \/><\/span> <\/label>\n<\/p>\n<p><label> Forename*<br \/>\n<span class=\"wpcf7-form-control-wrap\" data-name=\"vorname\"><input size=\"40\" maxlength=\"400\" class=\"wpcf7-form-control wpcf7-text wpcf7-validates-as-required\" aria-required=\"true\" aria-invalid=\"false\" value=\"\" type=\"text\" name=\"vorname\" \/><\/span> <\/label>\n<\/p>\n<p><label> Surname*<br \/>\n<span class=\"wpcf7-form-control-wrap\" data-name=\"nachname\"><input size=\"40\" maxlength=\"400\" class=\"wpcf7-form-control wpcf7-text wpcf7-validates-as-required\" aria-required=\"true\" aria-invalid=\"false\" value=\"\" type=\"text\" name=\"nachname\" \/><\/span> <\/label>\n<\/p>\n<p><label> Email Address*<br \/>\n<span class=\"wpcf7-form-control-wrap\" data-name=\"email\"><input size=\"40\" maxlength=\"400\" class=\"wpcf7-form-control wpcf7-email wpcf7-validates-as-required wpcf7-text wpcf7-validates-as-email\" autocomplete=\"email\" aria-required=\"true\" aria-invalid=\"false\" value=\"\" type=\"email\" name=\"email\" \/><\/span> <\/label>\n<\/p>\n<p><label> Hospital\/Institute\/Company*<br \/>\n<span class=\"wpcf7-form-control-wrap\" data-name=\"klinik\"><input size=\"40\" maxlength=\"400\" class=\"wpcf7-form-control wpcf7-text wpcf7-validates-as-required\" aria-required=\"true\" aria-invalid=\"false\" value=\"\" type=\"text\" name=\"klinik\" \/><\/span> <\/label>\n<\/p>\n<p><label> Department<br \/>\n<span class=\"wpcf7-form-control-wrap\" data-name=\"abteilung\"><input size=\"40\" maxlength=\"400\" class=\"wpcf7-form-control wpcf7-text\" aria-invalid=\"false\" value=\"\" type=\"text\" name=\"abteilung\" \/><\/span> <\/label>\n<\/p>\n<p><label> Street Address*<br \/>\n<span class=\"wpcf7-form-control-wrap\" data-name=\"strasse\"><input size=\"40\" maxlength=\"400\" class=\"wpcf7-form-control wpcf7-text wpcf7-validates-as-required\" aria-required=\"true\" aria-invalid=\"false\" value=\"\" type=\"text\" name=\"strasse\" \/><\/span> <\/label>\n<\/p>\n<p><label> Postal Code*<br \/>\n<span class=\"wpcf7-form-control-wrap\" data-name=\"plz\"><input class=\"wpcf7-form-control wpcf7-number wpcf7-validates-as-required wpcf7-validates-as-number\" aria-required=\"true\" aria-invalid=\"false\" value=\"\" type=\"number\" name=\"plz\" \/><\/span> <\/label>\n<\/p>\n<p><label> City*<br \/>\n<span class=\"wpcf7-form-control-wrap\" data-name=\"ort\"><input size=\"40\" maxlength=\"400\" class=\"wpcf7-form-control wpcf7-text wpcf7-validates-as-required\" aria-required=\"true\" aria-invalid=\"false\" value=\"\" type=\"text\" name=\"ort\" \/><\/span> <\/label>\n<\/p>\n<p><label> Phone<br \/>\n<span class=\"wpcf7-form-control-wrap\" data-name=\"tel-437\"><input size=\"40\" maxlength=\"400\" class=\"wpcf7-form-control wpcf7-tel wpcf7-text wpcf7-validates-as-tel\" aria-invalid=\"false\" value=\"\" type=\"tel\" name=\"tel-437\" \/><\/span> <\/label>\n<\/p>\n<p><label> Short description of your professional \/ scientific career<br \/>\n<span class=\"wpcf7-form-control-wrap\" data-name=\"werdegang\"><textarea cols=\"40\" rows=\"10\" maxlength=\"2000\" class=\"wpcf7-form-control wpcf7-textarea\" aria-invalid=\"false\" name=\"werdegang\"><\/textarea><\/span> <\/label><br \/>\n<span id=\"wpcf7-69e3511759346-wrapper\" class=\"wpcf7-form-control-wrap hny-730-wrap\" style=\"display:none !important; visibility:hidden !important;\"><input type=\"hidden\" name=\"hny-730-time-start\" value=\"1776505111\"><input type=\"hidden\" name=\"hny-730-time-check\" value=\"3\"><label for=\"wpcf7-69e3511759346-field\" class=\"hp-message\">Bitte lasse dieses Feld leer.<\/label><input id=\"wpcf7-69e3511759346-field\"  class=\"wpcf7-form-control wpcf7-text\" type=\"text\" name=\"hny-730\" value=\"\" size=\"40\" tabindex=\"-1\" autocomplete=\"new-password\" \/><\/span><br \/>\n<span class=\"wpcf7-form-control-wrap\" data-name=\"acceptance-225\"><span class=\"wpcf7-form-control wpcf7-acceptance\"><span class=\"wpcf7-list-item\"><label><input type=\"checkbox\" name=\"acceptance-225\" value=\"1\" aria-invalid=\"false\" \/><span class=\"wpcf7-list-item-label\">I have read and accept the privacy policy of CURAC.<\/span><\/label><\/span><\/span><\/span><br \/>\n<input class=\"wpcf7-form-control wpcf7-submit has-spinner\" type=\"submit\" value=\"Submit\" \/>\n<\/p><div class=\"wpcf7-response-output\" aria-hidden=\"true\"><\/div>\n<input type=\"hidden\" name=\"trp-form-language\" value=\"en\"\/><\/form>\n<\/div>\n<\/h5>\n<\/div>\n\n\n\n\n\t\t<\/div> \n\t<\/div>\n\t<\/div> \n<\/div><\/div>\n\t\t\t<\/div> \n\t\t<\/div>\n\t<\/div> \n\n\t<div  class=\"vc_col-sm-2 wpb_column column_container vc_column_container col no-extra-padding inherit_tablet inherit_phone\"  data-padding-pos=\"all\" data-has-bg-color=\"false\" data-bg-color=\"\" data-bg-opacity=\"1\" data-animation=\"\" data-delay=\"0\" >\n\t\t<div class=\"vc_column-inner\" >\n\t\t\t<div class=\"wpb_wrapper\">\n\t\t\t\t\n\t\t\t<\/div> \n\t\t<\/div>\n\t<\/div> \n<\/div><\/div>","protected":false},"excerpt":{"rendered":"Werden Sie CURAC Mitglied Hier k\u00f6nnen Sie den Antrag zur Aufnahme in die CURAC-Gesellschaft stellen. Die j\u00e4hrliche Mitgliedsgeb\u00fchr betr\u00e4gt derzeit: 50 \u20ac regul\u00e4r 30 \u20ac f\u00fcr Doktorierende 0 \u20ac f\u00fcr...","protected":false},"author":1,"featured_media":0,"parent":0,"menu_order":0,"comment_status":"closed","ping_status":"closed","template":"","meta":{"footnotes":""},"class_list":["post-857","page","type-page","status-publish"],"yoast_head":"<!-- This site is optimized with the Yoast SEO plugin v27.4 - https:\/\/yoast.com\/product\/yoast-seo-wordpress\/ -->\n<title>Mitgliedschaft - CURAC<\/title>\n<meta name=\"robots\" content=\"index, follow, max-snippet:-1, max-image-preview:large, max-video-preview:-1\" \/>\n<link rel=\"canonical\" href=\"https:\/\/curac.org\/en\/mitgliedschaft\/\" \/>\n<meta property=\"og:locale\" content=\"en_GB\" \/>\n<meta property=\"og:type\" content=\"article\" \/>\n<meta property=\"og:title\" content=\"Mitgliedschaft - CURAC\" \/>\n<meta property=\"og:url\" content=\"https:\/\/curac.org\/en\/mitgliedschaft\/\" \/>\n<meta property=\"og:site_name\" content=\"CURAC\" \/>\n<meta property=\"article:modified_time\" content=\"2025-01-23T12:53:16+00:00\" \/>\n<meta name=\"twitter:card\" content=\"summary_large_image\" \/>\n<meta name=\"twitter:label1\" content=\"Estimated reading time\" \/>\n\t<meta name=\"twitter:data1\" content=\"3 minutes\" \/>\n<script type=\"application\/ld+json\" class=\"yoast-schema-graph\">{\"@context\":\"https:\\\/\\\/schema.org\",\"@graph\":[{\"@type\":\"WebPage\",\"@id\":\"https:\\\/\\\/curac.org\\\/mitgliedschaft\\\/\",\"url\":\"https:\\\/\\\/curac.org\\\/mitgliedschaft\\\/\",\"name\":\"Mitgliedschaft - CURAC\",\"isPartOf\":{\"@id\":\"https:\\\/\\\/curac.org\\\/#website\"},\"datePublished\":\"2024-09-03T12:32:26+00:00\",\"dateModified\":\"2025-01-23T12:53:16+00:00\",\"breadcrumb\":{\"@id\":\"https:\\\/\\\/curac.org\\\/mitgliedschaft\\\/#breadcrumb\"},\"inLanguage\":\"en-GB\",\"potentialAction\":[{\"@type\":\"ReadAction\",\"target\":[\"https:\\\/\\\/curac.org\\\/mitgliedschaft\\\/\"]}]},{\"@type\":\"BreadcrumbList\",\"@id\":\"https:\\\/\\\/curac.org\\\/mitgliedschaft\\\/#breadcrumb\",\"itemListElement\":[{\"@type\":\"ListItem\",\"position\":1,\"name\":\"Startseite\",\"item\":\"https:\\\/\\\/curac.org\\\/\"},{\"@type\":\"ListItem\",\"position\":2,\"name\":\"Mitgliedschaft\"}]},{\"@type\":\"WebSite\",\"@id\":\"https:\\\/\\\/curac.org\\\/#website\",\"url\":\"https:\\\/\\\/curac.org\\\/\",\"name\":\"CURAC - Deutsche Gesellschaft f\u00fcr Computer- und Roboterassistierte Chirurgie\",\"description\":\"Deutsche Gesellschaft f\u00fcr Computer- und Roboterassistierte Chirurgie e. V.\",\"publisher\":{\"@id\":\"https:\\\/\\\/curac.org\\\/#organization\"},\"potentialAction\":[{\"@type\":\"SearchAction\",\"target\":{\"@type\":\"EntryPoint\",\"urlTemplate\":\"https:\\\/\\\/curac.org\\\/?s={search_term_string}\"},\"query-input\":{\"@type\":\"PropertyValueSpecification\",\"valueRequired\":true,\"valueName\":\"search_term_string\"}}],\"inLanguage\":\"en-GB\"},{\"@type\":\"Organization\",\"@id\":\"https:\\\/\\\/curac.org\\\/#organization\",\"name\":\"CURAC - Deutsche Gesellschaft f\u00fcr Computer- und Roboterassistierte Chirurgie\",\"url\":\"https:\\\/\\\/curac.org\\\/\",\"logo\":{\"@type\":\"ImageObject\",\"inLanguage\":\"en-GB\",\"@id\":\"https:\\\/\\\/curac.org\\\/#\\\/schema\\\/logo\\\/image\\\/\",\"url\":\"https:\\\/\\\/curac.org\\\/wp-content\\\/uploads\\\/2024\\\/02\\\/logo.png\",\"contentUrl\":\"https:\\\/\\\/curac.org\\\/wp-content\\\/uploads\\\/2024\\\/02\\\/logo.png\",\"width\":250,\"height\":123,\"caption\":\"CURAC - Deutsche Gesellschaft f\u00fcr Computer- und Roboterassistierte Chirurgie\"},\"image\":{\"@id\":\"https:\\\/\\\/curac.org\\\/#\\\/schema\\\/logo\\\/image\\\/\"}}]}<\/script>\n<!-- \/ Yoast SEO plugin. -->","yoast_head_json":{"title":"Mitgliedschaft - CURAC","robots":{"index":"index","follow":"follow","max-snippet":"max-snippet:-1","max-image-preview":"max-image-preview:large","max-video-preview":"max-video-preview:-1"},"canonical":"https:\/\/curac.org\/en\/mitgliedschaft\/","og_locale":"en_GB","og_type":"article","og_title":"Mitgliedschaft - CURAC","og_url":"https:\/\/curac.org\/en\/mitgliedschaft\/","og_site_name":"CURAC","article_modified_time":"2025-01-23T12:53:16+00:00","twitter_card":"summary_large_image","twitter_misc":{"Estimated reading time":"3 minutes"},"schema":{"@context":"https:\/\/schema.org","@graph":[{"@type":"WebPage","@id":"https:\/\/curac.org\/mitgliedschaft\/","url":"https:\/\/curac.org\/mitgliedschaft\/","name":"Mitgliedschaft - CURAC","isPartOf":{"@id":"https:\/\/curac.org\/#website"},"datePublished":"2024-09-03T12:32:26+00:00","dateModified":"2025-01-23T12:53:16+00:00","breadcrumb":{"@id":"https:\/\/curac.org\/mitgliedschaft\/#breadcrumb"},"inLanguage":"en-GB","potentialAction":[{"@type":"ReadAction","target":["https:\/\/curac.org\/mitgliedschaft\/"]}]},{"@type":"BreadcrumbList","@id":"https:\/\/curac.org\/mitgliedschaft\/#breadcrumb","itemListElement":[{"@type":"ListItem","position":1,"name":"Startseite","item":"https:\/\/curac.org\/"},{"@type":"ListItem","position":2,"name":"Mitgliedschaft"}]},{"@type":"WebSite","@id":"https:\/\/curac.org\/#website","url":"https:\/\/curac.org\/","name":"CURAC - Deutsche Gesellschaft f\u00fcr Computer- und Roboterassistierte Chirurgie","description":"Deutsche Gesellschaft f\u00fcr Computer- und Roboterassistierte Chirurgie e. V.","publisher":{"@id":"https:\/\/curac.org\/#organization"},"potentialAction":[{"@type":"SearchAction","target":{"@type":"EntryPoint","urlTemplate":"https:\/\/curac.org\/?s={search_term_string}"},"query-input":{"@type":"PropertyValueSpecification","valueRequired":true,"valueName":"search_term_string"}}],"inLanguage":"en-GB"},{"@type":"Organization","@id":"https:\/\/curac.org\/#organization","name":"CURAC - Deutsche Gesellschaft f\u00fcr Computer- und Roboterassistierte Chirurgie","url":"https:\/\/curac.org\/","logo":{"@type":"ImageObject","inLanguage":"en-GB","@id":"https:\/\/curac.org\/#\/schema\/logo\/image\/","url":"https:\/\/curac.org\/wp-content\/uploads\/2024\/02\/logo.png","contentUrl":"https:\/\/curac.org\/wp-content\/uploads\/2024\/02\/logo.png","width":250,"height":123,"caption":"CURAC - Deutsche Gesellschaft f\u00fcr Computer- und Roboterassistierte Chirurgie"},"image":{"@id":"https:\/\/curac.org\/#\/schema\/logo\/image\/"}}]}},"_links":{"self":[{"href":"https:\/\/curac.org\/en\/wp-json\/wp\/v2\/pages\/857","targetHints":{"allow":["GET"]}}],"collection":[{"href":"https:\/\/curac.org\/en\/wp-json\/wp\/v2\/pages"}],"about":[{"href":"https:\/\/curac.org\/en\/wp-json\/wp\/v2\/types\/page"}],"author":[{"embeddable":true,"href":"https:\/\/curac.org\/en\/wp-json\/wp\/v2\/users\/1"}],"replies":[{"embeddable":true,"href":"https:\/\/curac.org\/en\/wp-json\/wp\/v2\/comments?post=857"}],"version-history":[{"count":22,"href":"https:\/\/curac.org\/en\/wp-json\/wp\/v2\/pages\/857\/revisions"}],"predecessor-version":[{"id":1223,"href":"https:\/\/curac.org\/en\/wp-json\/wp\/v2\/pages\/857\/revisions\/1223"}],"wp:attachment":[{"href":"https:\/\/curac.org\/en\/wp-json\/wp\/v2\/media?parent=857"}],"curies":[{"name":"wp","href":"https:\/\/api.w.org\/{rel}","templated":true}]}}