{"id":4430,"date":"2025-09-19T16:00:43","date_gmt":"2025-09-19T14:00:43","guid":{"rendered":"https:\/\/curac.org\/?page_id=4430"},"modified":"2026-04-15T21:05:24","modified_gmt":"2026-04-15T19:05:24","slug":"karriere","status":"publish","type":"page","link":"https:\/\/curac.org\/en\/karriere\/","title":{"rendered":"Jobs"},"content":{"rendered":"<div id=\"fws_69eb4d985b9f4\"  data-column-margin=\"default\" data-midnight=\"dark\" data-top-percent=\"4%\"  class=\"wpb_row vc_row-fluid vc_row full-width-section  top_padding_tablet_14pct\"  style=\"padding-top: calc(100vw * 0.04); padding-bottom: 0px; \"><div class=\"row-bg-wrap\" data-bg-animation=\"none\" data-bg-animation-delay=\"\" data-bg-overlay=\"false\"><div class=\"inner-wrap row-bg-layer\" ><div class=\"row-bg viewport-desktop\"  style=\"\"><\/div><\/div><\/div><div class=\"row_col_wrap_12 col span_12 dark left\">\n\t<div  class=\"vc_col-sm-12 wpb_column column_container vc_column_container col no-extra-padding el_spacing_20px inherit_tablet inherit_phone flex_gap_desktop_10px\"  data-padding-pos=\"all\" data-has-bg-color=\"false\" data-bg-color=\"\" data-bg-opacity=\"1\" data-animation=\"\" data-delay=\"0\" >\n\t\t<div class=\"vc_column-inner\" >\n\t\t\t<div class=\"wpb_wrapper\">\n\t\t\t\t<div id=\"fws_69eb4d985d4f4\" data-midnight=\"\" data-column-margin=\"default\" class=\"wpb_row vc_row-fluid vc_row inner_row  right_padding_40pct right_padding_phone_0px\"  style=\"padding-bottom: 1%; \"><div class=\"row-bg-wrap\"> <div class=\"row-bg\" ><\/div> <\/div><div class=\"row_col_wrap_12_inner col span_12  left\">\n\t<div  class=\"vc_col-sm-12 wpb_column column_container vc_column_container col child_column no-extra-padding inherit_tablet inherit_phone flex_gap_desktop_10px\"   data-padding-pos=\"all\" data-has-bg-color=\"false\" data-bg-color=\"\" data-bg-opacity=\"1\" data-animation=\"\" data-delay=\"0\" >\n\t\t<div class=\"vc_column-inner\" >\n\t\t<div class=\"wpb_wrapper\">\n\t\t\t<div class=\"nectar-split-heading  font_size_tablet_7vw font_line_height_1px\" data-align=\"default\" data-m-align=\"inherit\" data-text-effect=\"letter-reveal-bottom\" data-animation-type=\"line-reveal-by-space\" data-animation-delay=\"0\" data-animation-offset=\"\" data-m-rm-animation=\"\" data-stagger=\"true\" data-custom-font-size=\"false\" ><h2 style=\" color: #006eb7;\">Aktuelle Stellenangebote<\/h2><\/div>\n\t\t<\/div> \n\t<\/div>\n\t<\/div> \n<\/div><\/div><div id=\"fws_69eb4d9860305\" data-midnight=\"\" data-column-margin=\"none\" class=\"wpb_row vc_row-fluid vc_row inner_row\"  style=\"\"><div class=\"row-bg-wrap\"> <div class=\"row-bg\" ><\/div> <\/div><div class=\"row_col_wrap_12_inner col span_12  left\">\n\t<div  class=\"vc_col-sm-12 wpb_column column_container vc_column_container col child_column no-extra-padding inherit_tablet inherit_phone flex_gap_desktop_10px\"   data-padding-pos=\"all\" data-has-bg-color=\"false\" data-bg-color=\"\" data-bg-opacity=\"1\" data-animation=\"\" data-delay=\"0\" >\n\t\t<div class=\"vc_column-inner\" >\n\t\t<div class=\"wpb_wrapper\">\n\t\t\t<div class=\"nectar-hor-list-item   has_border_animation nectar-waypoint-el border_color_6aaade multiple-columns\" data-hover-effect=\"none\" data-br=\"0px\" data-font-family=\"p\" data-color=\"accent-color\" data-columns=\"3\" data-column-layout=\"large_first\"><div class=\"nectar-list-item\" data-icon=\"false\" data-text-align=\"left\"><h3>Professur (m\/w\/d) f\u00fcr das Gebiet K\u00fcnstliche Intelligenz f\u00fcr Datastream Mining<\/h3><\/div><div class=\"nectar-list-item\" data-text-align=\"left\">Jade Hochschule Wilhelmshaven\/ Oldenburg\/ Elsfleth<\/div><div class=\"nectar-list-item\" data-text-align=\"left\">Bewerbungsfrist: 15.05.2026<\/div><a class=\"full-link\" aria-label=\"Professur (m\/w\/d) f\u00fcr das Gebiet K\u00fcnstliche Intelligenz f\u00fcr Datastream Mining\" href=\"https:\/\/curac.org\/wp-content\/uploads\/2026\/04\/Jade-HS_I54-11.pdf\"> <\/a><\/div><div class=\"nectar-hor-list-item   has_border_animation nectar-waypoint-el border_color_6aaade multiple-columns\" data-hover-effect=\"none\" data-br=\"0px\" data-font-family=\"p\" data-color=\"accent-color\" data-columns=\"3\" data-column-layout=\"large_first\"><div class=\"nectar-list-item\" data-icon=\"false\" data-text-align=\"left\"><h3>Professur (m\/w\/d) f\u00fcr das Gebiet Elektronik f\u00fcr die Medizintechnik<\/h3><\/div><div class=\"nectar-list-item\" data-text-align=\"left\">Jade Hochschule Wilhelmshaven\/ Oldenburg\/ Elsfleth<\/div><div class=\"nectar-list-item\" data-text-align=\"left\">Bewerbungsfrist: 15.05.2026<\/div><a class=\"full-link\" aria-label=\"Professur (m\/w\/d) f\u00fcr das Gebiet Elektronik f\u00fcr die Medizintechnik\" href=\"https:\/\/curac.org\/wp-content\/uploads\/2026\/04\/Jade-HS_I53-21.pdf\"> <\/a><\/div>\n\t\t<\/div> \n\t<\/div>\n\t<\/div> \n<\/div><\/div>\n\t\t\t<\/div> \n\t\t<\/div>\n\t<\/div> \n<\/div><\/div>","protected":false},"excerpt":{"rendered":"Aktuelle Stellenangebote Professur (m\/w\/d) f\u00fcr das Gebiet K\u00fcnstliche Intelligenz f\u00fcr Datastream MiningJade Hochschule Wilhelmshaven\/ Oldenburg\/ ElsflethBewerbungsfrist: 15.05.2026 Professur (m\/w\/d) f\u00fcr das Gebiet Elektronik f\u00fcr die MedizintechnikJade Hochschule Wilhelmshaven\/ Oldenburg\/ ElsflethBewerbungsfrist:...","protected":false},"author":1,"featured_media":0,"parent":0,"menu_order":0,"comment_status":"closed","ping_status":"closed","template":"","meta":{"footnotes":""},"class_list":["post-4430","page","type-page","status-publish"],"yoast_head":"<!-- This site is optimized with the Yoast SEO plugin v27.4 - https:\/\/yoast.com\/product\/yoast-seo-wordpress\/ -->\n<title>Karriere - CURAC<\/title>\n<meta name=\"robots\" content=\"index, follow, max-snippet:-1, max-image-preview:large, max-video-preview:-1\" \/>\n<link rel=\"canonical\" href=\"https:\/\/curac.org\/en\/karriere\/\" \/>\n<meta property=\"og:locale\" content=\"en_GB\" \/>\n<meta property=\"og:type\" content=\"article\" \/>\n<meta property=\"og:title\" content=\"Karriere - CURAC\" \/>\n<meta property=\"og:url\" content=\"https:\/\/curac.org\/en\/karriere\/\" \/>\n<meta property=\"og:site_name\" content=\"CURAC\" \/>\n<meta property=\"article:modified_time\" content=\"2026-04-15T19:05:24+00:00\" \/>\n<meta name=\"twitter:card\" content=\"summary_large_image\" \/>\n<meta name=\"twitter:label1\" content=\"Estimated reading time\" \/>\n\t<meta name=\"twitter:data1\" content=\"1 minute\" \/>\n<script type=\"application\/ld+json\" class=\"yoast-schema-graph\">{\"@context\":\"https:\\\/\\\/schema.org\",\"@graph\":[{\"@type\":\"WebPage\",\"@id\":\"https:\\\/\\\/curac.org\\\/karriere\\\/\",\"url\":\"https:\\\/\\\/curac.org\\\/karriere\\\/\",\"name\":\"Karriere - CURAC\",\"isPartOf\":{\"@id\":\"https:\\\/\\\/curac.org\\\/#website\"},\"datePublished\":\"2025-09-19T14:00:43+00:00\",\"dateModified\":\"2026-04-15T19:05:24+00:00\",\"breadcrumb\":{\"@id\":\"https:\\\/\\\/curac.org\\\/karriere\\\/#breadcrumb\"},\"inLanguage\":\"en-GB\",\"potentialAction\":[{\"@type\":\"ReadAction\",\"target\":[\"https:\\\/\\\/curac.org\\\/karriere\\\/\"]}]},{\"@type\":\"BreadcrumbList\",\"@id\":\"https:\\\/\\\/curac.org\\\/karriere\\\/#breadcrumb\",\"itemListElement\":[{\"@type\":\"ListItem\",\"position\":1,\"name\":\"Startseite\",\"item\":\"https:\\\/\\\/curac.org\\\/\"},{\"@type\":\"ListItem\",\"position\":2,\"name\":\"Karriere\"}]},{\"@type\":\"WebSite\",\"@id\":\"https:\\\/\\\/curac.org\\\/#website\",\"url\":\"https:\\\/\\\/curac.org\\\/\",\"name\":\"CURAC - Deutsche Gesellschaft f\u00fcr Computer- und Roboterassistierte Chirurgie\",\"description\":\"Deutsche Gesellschaft f\u00fcr Computer- und Roboterassistierte Chirurgie e. V.\",\"publisher\":{\"@id\":\"https:\\\/\\\/curac.org\\\/#organization\"},\"potentialAction\":[{\"@type\":\"SearchAction\",\"target\":{\"@type\":\"EntryPoint\",\"urlTemplate\":\"https:\\\/\\\/curac.org\\\/?s={search_term_string}\"},\"query-input\":{\"@type\":\"PropertyValueSpecification\",\"valueRequired\":true,\"valueName\":\"search_term_string\"}}],\"inLanguage\":\"en-GB\"},{\"@type\":\"Organization\",\"@id\":\"https:\\\/\\\/curac.org\\\/#organization\",\"name\":\"CURAC - Deutsche Gesellschaft f\u00fcr Computer- und Roboterassistierte Chirurgie\",\"url\":\"https:\\\/\\\/curac.org\\\/\",\"logo\":{\"@type\":\"ImageObject\",\"inLanguage\":\"en-GB\",\"@id\":\"https:\\\/\\\/curac.org\\\/#\\\/schema\\\/logo\\\/image\\\/\",\"url\":\"https:\\\/\\\/curac.org\\\/wp-content\\\/uploads\\\/2024\\\/02\\\/logo.png\",\"contentUrl\":\"https:\\\/\\\/curac.org\\\/wp-content\\\/uploads\\\/2024\\\/02\\\/logo.png\",\"width\":250,\"height\":123,\"caption\":\"CURAC - Deutsche Gesellschaft f\u00fcr Computer- und Roboterassistierte Chirurgie\"},\"image\":{\"@id\":\"https:\\\/\\\/curac.org\\\/#\\\/schema\\\/logo\\\/image\\\/\"}}]}<\/script>\n<!-- \/ Yoast SEO plugin. -->","yoast_head_json":{"title":"Karriere - CURAC","robots":{"index":"index","follow":"follow","max-snippet":"max-snippet:-1","max-image-preview":"max-image-preview:large","max-video-preview":"max-video-preview:-1"},"canonical":"https:\/\/curac.org\/en\/karriere\/","og_locale":"en_GB","og_type":"article","og_title":"Karriere - CURAC","og_url":"https:\/\/curac.org\/en\/karriere\/","og_site_name":"CURAC","article_modified_time":"2026-04-15T19:05:24+00:00","twitter_card":"summary_large_image","twitter_misc":{"Estimated reading time":"1 minute"},"schema":{"@context":"https:\/\/schema.org","@graph":[{"@type":"WebPage","@id":"https:\/\/curac.org\/karriere\/","url":"https:\/\/curac.org\/karriere\/","name":"Karriere - CURAC","isPartOf":{"@id":"https:\/\/curac.org\/#website"},"datePublished":"2025-09-19T14:00:43+00:00","dateModified":"2026-04-15T19:05:24+00:00","breadcrumb":{"@id":"https:\/\/curac.org\/karriere\/#breadcrumb"},"inLanguage":"en-GB","potentialAction":[{"@type":"ReadAction","target":["https:\/\/curac.org\/karriere\/"]}]},{"@type":"BreadcrumbList","@id":"https:\/\/curac.org\/karriere\/#breadcrumb","itemListElement":[{"@type":"ListItem","position":1,"name":"Startseite","item":"https:\/\/curac.org\/"},{"@type":"ListItem","position":2,"name":"Karriere"}]},{"@type":"WebSite","@id":"https:\/\/curac.org\/#website","url":"https:\/\/curac.org\/","name":"CURAC - Deutsche Gesellschaft f\u00fcr Computer- und Roboterassistierte Chirurgie","description":"Deutsche Gesellschaft f\u00fcr Computer- und Roboterassistierte Chirurgie e. V.","publisher":{"@id":"https:\/\/curac.org\/#organization"},"potentialAction":[{"@type":"SearchAction","target":{"@type":"EntryPoint","urlTemplate":"https:\/\/curac.org\/?s={search_term_string}"},"query-input":{"@type":"PropertyValueSpecification","valueRequired":true,"valueName":"search_term_string"}}],"inLanguage":"en-GB"},{"@type":"Organization","@id":"https:\/\/curac.org\/#organization","name":"CURAC - Deutsche Gesellschaft f\u00fcr Computer- und Roboterassistierte Chirurgie","url":"https:\/\/curac.org\/","logo":{"@type":"ImageObject","inLanguage":"en-GB","@id":"https:\/\/curac.org\/#\/schema\/logo\/image\/","url":"https:\/\/curac.org\/wp-content\/uploads\/2024\/02\/logo.png","contentUrl":"https:\/\/curac.org\/wp-content\/uploads\/2024\/02\/logo.png","width":250,"height":123,"caption":"CURAC - Deutsche Gesellschaft f\u00fcr Computer- und Roboterassistierte Chirurgie"},"image":{"@id":"https:\/\/curac.org\/#\/schema\/logo\/image\/"}}]}},"_links":{"self":[{"href":"https:\/\/curac.org\/en\/wp-json\/wp\/v2\/pages\/4430","targetHints":{"allow":["GET"]}}],"collection":[{"href":"https:\/\/curac.org\/en\/wp-json\/wp\/v2\/pages"}],"about":[{"href":"https:\/\/curac.org\/en\/wp-json\/wp\/v2\/types\/page"}],"author":[{"embeddable":true,"href":"https:\/\/curac.org\/en\/wp-json\/wp\/v2\/users\/1"}],"replies":[{"embeddable":true,"href":"https:\/\/curac.org\/en\/wp-json\/wp\/v2\/comments?post=4430"}],"version-history":[{"count":14,"href":"https:\/\/curac.org\/en\/wp-json\/wp\/v2\/pages\/4430\/revisions"}],"predecessor-version":[{"id":4439,"href":"https:\/\/curac.org\/en\/wp-json\/wp\/v2\/pages\/4430\/revisions\/4439"}],"wp:attachment":[{"href":"https:\/\/curac.org\/en\/wp-json\/wp\/v2\/media?parent=4430"}],"curies":[{"name":"wp","href":"https:\/\/api.w.org\/{rel}","templated":true}]}}