{"id":16,"date":"2024-02-24T16:56:40","date_gmt":"2024-02-24T16:56:40","guid":{"rendered":"http:\/\/kongress.seitenfutter.de\/?page_id=16"},"modified":"2025-09-16T15:47:15","modified_gmt":"2025-09-16T13:47:15","slug":"anreise","status":"publish","type":"page","link":"https:\/\/curac.org\/en\/anreise\/","title":{"rendered":"Anreise"},"content":{"rendered":"<div id=\"fws_69d03abf9763b\"  data-column-margin=\"100px\" data-midnight=\"light\" data-top-percent=\"8%\" data-bottom-percent=\"12%\"  class=\"wpb_row vc_row-fluid vc_row full-width-section  zindex-set\"  style=\"padding-top: calc(100vw * 0.08); padding-bottom: calc(100vw * 0.12);  z-index: 100;\"><div class=\"row-bg-wrap\" data-bg-animation=\"none\" data-bg-animation-delay=\"\" data-bg-overlay=\"false\"><div class=\"inner-wrap row-bg-layer\" ><div class=\"row-bg viewport-desktop using-bg-color\"  style=\"background-color: #ffffff; \"><\/div><\/div><\/div><div class=\"row_col_wrap_12 col span_12 light left\">\n\t<div style=\" color: #333333;\" class=\"vc_col-sm-8 vc_col-lg-8 vc_col-md-8 vc_col-xs-12 wpb_column column_container vc_column_container col padding-4-percent inherit_tablet inherit_phone\" data-cfc=\"true\"  data-padding-pos=\"bottom\" data-has-bg-color=\"false\" data-bg-color=\"\" data-bg-opacity=\"1\" data-animation=\"\" data-delay=\"0\" >\n\t\t<div class=\"vc_column-inner\" >\n\t\t\t<div class=\"wpb_wrapper\">\n\t\t\t\t<div class=\"nectar-split-heading\" data-align=\"default\" data-m-align=\"inherit\" data-text-effect=\"default\" data-animation-type=\"line-reveal-by-space\" data-animation-delay=\"0\" data-animation-offset=\"\" data-m-rm-animation=\"\" data-stagger=\"\" data-custom-font-size=\"false\" ><h1 style=\" color: #006eb7;\">Anreise<\/h1><\/div>\n<div class=\"wpb_text_column wpb_content_element\" >\n\t<div class=\"wpb_wrapper\">\n\t\t<p><strong>Die CURAC-Jahrestagung findet im H\u00f6rsaal der Medizinischen Klinik Heidelberg statt.<br \/>\n<\/strong>Adresse: Im Neuenheimer Feld 410, 69120 Heidelberg<\/p>\n<div class=\"Uekwlc kHIBvd\">\n<div>\n<div class=\"VDgVie btku5b fCrZyc NQYJvc FR7ZSc qVhvac OJeuxf\">\n<div class=\"niO4u\">\n<div class=\"kHtcsd\"><\/div>\n<\/div>\n<\/div>\n<\/div>\n<\/div>\n<p><strong>Bitte beachten Sie, dass das BIOPRO &amp; T\u00dcV S\u00fcd-Seminar im neuen H\u00f6rsaal der Chirurgischen Klinik stattfindet.<br \/>\n<\/strong>Adresse: Im Neuenheimer Feld 420, 69120 Heidelberg<\/p>\n\t<\/div>\n<\/div>\n\n\n\n<div class=\"img-with-aniamtion-wrap\" data-max-width=\"100%\" data-max-width-mobile=\"default\" data-shadow=\"none\" data-animation=\"none\" >\n      <div class=\"inner\">\n        <div class=\"hover-wrap\"> \n          <div class=\"hover-wrap-inner\">\n            <img loading=\"lazy\" decoding=\"async\" class=\"img-with-animation skip-lazy\" data-delay=\"0\" height=\"341\" width=\"675\" data-animation=\"none\" src=\"https:\/\/curac.org\/wp-content\/uploads\/2025\/09\/map-heidelberg-standorte.png\" alt=\"\" srcset=\"https:\/\/curac.org\/wp-content\/uploads\/2025\/09\/map-heidelberg-standorte.png 675w, https:\/\/curac.org\/wp-content\/uploads\/2025\/09\/map-heidelberg-standorte-300x152.png 300w, https:\/\/curac.org\/wp-content\/uploads\/2025\/09\/map-heidelberg-standorte-18x9.png 18w\" sizes=\"auto, (max-width: 675px) 100vw, 675px\" \/>\n          <\/div>\n        <\/div>\n      <\/div>\n    <\/div>\n\t\t\t<\/div> \n\t\t<\/div>\n\t<\/div> \n\n\t<div style=\" color: #000000;\" class=\"vc_col-sm-4 vc_col-lg-offset-0 vc_col-lg-4 vc_col-md-offset-0 vc_col-md-4 vc_col-xs-12 wpb_column column_container vc_column_container col padding-2-percent inherit_tablet inherit_phone\" data-cfc=\"true\"  data-padding-pos=\"all\" data-has-bg-color=\"false\" data-bg-color=\"\" data-bg-opacity=\"1\" data-animation=\"\" data-delay=\"0\" >\n\t\t<div class=\"vc_column-inner\" >\n\t\t\t<div class=\"wpb_wrapper\">\n\t\t\t\t\n<div class=\"wpb_text_column wpb_content_element\" >\n\t<div class=\"wpb_wrapper\">\n\t\t<p data-block-key=\"a6i9e\"><b>Anfahrt mit dem PKW<br \/>\n<\/b>Mit dem PKW fahren Sie die A656 Richtung Heidelberg, weiter auf B37 Richtung Universit\u00e4tsklinikum \/ Neuenheimer Feld. Nach \u00dcberqueren des Neckars an der ersten Ampel biegen Sie links in die Jahnstra\u00dfe, dann rechts in die Stra\u00dfe \u201eIm<br \/>\nNeuenheimer Feld\u201c. Gegen\u00fcber der Medizinischen Klinik liegt das Parkhaus P160, einige Meter weiter das Zoo-Parkhaus.<\/p>\n\t<\/div>\n<\/div>\n\n\n\n<div class=\"divider-wrap\" data-alignment=\"default\"><div style=\"height: 30px;\" class=\"divider\"><\/div><\/div>\n<div class=\"wpb_text_column wpb_content_element\" >\n\t<div class=\"wpb_wrapper\">\n\t\t<p data-block-key=\"j3apj\"><b>Anfahrt mit \u00f6ffentlichen Verkehrsmitteln<br \/>\n<\/b>Buslinien 31 und 32:<br \/>\nHaltestelle \u201eMedizinische Klinik\u201c: Die Haltestelle liegt unmittelbar vor dem Haupteingang der Klinik.<\/p>\n\t<\/div>\n<\/div>\n\n\n\n\n\t\t\t<\/div> \n\t\t<\/div>\n\t<\/div> \n<\/div><\/div>","protected":false},"excerpt":{"rendered":"Anreise Die CURAC-Jahrestagung findet im H\u00f6rsaal der Medizinischen Klinik Heidelberg statt. Adresse: Im Neuenheimer Feld 410, 69120 Heidelberg Bitte beachten Sie, dass das BIOPRO &amp; T\u00dcV S\u00fcd-Seminar im neuen H\u00f6rsaal...","protected":false},"author":1,"featured_media":0,"parent":0,"menu_order":0,"comment_status":"closed","ping_status":"closed","template":"","meta":{"footnotes":""},"class_list":["post-16","page","type-page","status-publish"],"yoast_head":"<!-- This site is optimized with the Yoast SEO plugin v27.1 - https:\/\/yoast.com\/product\/yoast-seo-wordpress\/ -->\n<title>Anreise - CURAC<\/title>\n<meta name=\"robots\" content=\"index, follow, max-snippet:-1, max-image-preview:large, max-video-preview:-1\" \/>\n<link rel=\"canonical\" href=\"https:\/\/curac.org\/en\/anreise\/\" \/>\n<meta property=\"og:locale\" content=\"en_GB\" \/>\n<meta property=\"og:type\" content=\"article\" \/>\n<meta property=\"og:title\" content=\"Anreise - CURAC\" \/>\n<meta property=\"og:url\" content=\"https:\/\/curac.org\/en\/anreise\/\" \/>\n<meta property=\"og:site_name\" content=\"CURAC\" \/>\n<meta property=\"article:modified_time\" content=\"2025-09-16T13:47:15+00:00\" \/>\n<meta name=\"twitter:card\" content=\"summary_large_image\" \/>\n<meta name=\"twitter:label1\" content=\"Estimated reading time\" \/>\n\t<meta name=\"twitter:data1\" content=\"1 minute\" \/>\n<script type=\"application\/ld+json\" class=\"yoast-schema-graph\">{\"@context\":\"https:\/\/schema.org\",\"@graph\":[{\"@type\":\"WebPage\",\"@id\":\"https:\/\/curac.org\/anreise\/\",\"url\":\"https:\/\/curac.org\/anreise\/\",\"name\":\"Anreise - CURAC\",\"isPartOf\":{\"@id\":\"https:\/\/curac.org\/#website\"},\"datePublished\":\"2024-02-24T16:56:40+00:00\",\"dateModified\":\"2025-09-16T13:47:15+00:00\",\"breadcrumb\":{\"@id\":\"https:\/\/curac.org\/anreise\/#breadcrumb\"},\"inLanguage\":\"en-GB\",\"potentialAction\":[{\"@type\":\"ReadAction\",\"target\":[\"https:\/\/curac.org\/anreise\/\"]}]},{\"@type\":\"BreadcrumbList\",\"@id\":\"https:\/\/curac.org\/anreise\/#breadcrumb\",\"itemListElement\":[{\"@type\":\"ListItem\",\"position\":1,\"name\":\"Startseite\",\"item\":\"https:\/\/curac.org\/\"},{\"@type\":\"ListItem\",\"position\":2,\"name\":\"Anreise\"}]},{\"@type\":\"WebSite\",\"@id\":\"https:\/\/curac.org\/#website\",\"url\":\"https:\/\/curac.org\/\",\"name\":\"CURAC - Deutsche Gesellschaft f\u00fcr Computer- und Roboterassistierte Chirurgie\",\"description\":\"Deutsche Gesellschaft f\u00fcr Computer- und Roboterassistierte Chirurgie e. V.\",\"publisher\":{\"@id\":\"https:\/\/curac.org\/#organization\"},\"potentialAction\":[{\"@type\":\"SearchAction\",\"target\":{\"@type\":\"EntryPoint\",\"urlTemplate\":\"https:\/\/curac.org\/?s={search_term_string}\"},\"query-input\":{\"@type\":\"PropertyValueSpecification\",\"valueRequired\":true,\"valueName\":\"search_term_string\"}}],\"inLanguage\":\"en-GB\"},{\"@type\":\"Organization\",\"@id\":\"https:\/\/curac.org\/#organization\",\"name\":\"CURAC - Deutsche Gesellschaft f\u00fcr Computer- und Roboterassistierte Chirurgie\",\"url\":\"https:\/\/curac.org\/\",\"logo\":{\"@type\":\"ImageObject\",\"inLanguage\":\"en-GB\",\"@id\":\"https:\/\/curac.org\/#\/schema\/logo\/image\/\",\"url\":\"https:\/\/curac.org\/wp-content\/uploads\/2024\/02\/logo.png\",\"contentUrl\":\"https:\/\/curac.org\/wp-content\/uploads\/2024\/02\/logo.png\",\"width\":250,\"height\":123,\"caption\":\"CURAC - Deutsche Gesellschaft f\u00fcr Computer- und Roboterassistierte Chirurgie\"},\"image\":{\"@id\":\"https:\/\/curac.org\/#\/schema\/logo\/image\/\"}}]}<\/script>\n<!-- \/ Yoast SEO plugin. -->","yoast_head_json":{"title":"Anreise - CURAC","robots":{"index":"index","follow":"follow","max-snippet":"max-snippet:-1","max-image-preview":"max-image-preview:large","max-video-preview":"max-video-preview:-1"},"canonical":"https:\/\/curac.org\/en\/anreise\/","og_locale":"en_GB","og_type":"article","og_title":"Anreise - CURAC","og_url":"https:\/\/curac.org\/en\/anreise\/","og_site_name":"CURAC","article_modified_time":"2025-09-16T13:47:15+00:00","twitter_card":"summary_large_image","twitter_misc":{"Estimated reading time":"1 minute"},"schema":{"@context":"https:\/\/schema.org","@graph":[{"@type":"WebPage","@id":"https:\/\/curac.org\/anreise\/","url":"https:\/\/curac.org\/anreise\/","name":"Anreise - CURAC","isPartOf":{"@id":"https:\/\/curac.org\/#website"},"datePublished":"2024-02-24T16:56:40+00:00","dateModified":"2025-09-16T13:47:15+00:00","breadcrumb":{"@id":"https:\/\/curac.org\/anreise\/#breadcrumb"},"inLanguage":"en-GB","potentialAction":[{"@type":"ReadAction","target":["https:\/\/curac.org\/anreise\/"]}]},{"@type":"BreadcrumbList","@id":"https:\/\/curac.org\/anreise\/#breadcrumb","itemListElement":[{"@type":"ListItem","position":1,"name":"Startseite","item":"https:\/\/curac.org\/"},{"@type":"ListItem","position":2,"name":"Anreise"}]},{"@type":"WebSite","@id":"https:\/\/curac.org\/#website","url":"https:\/\/curac.org\/","name":"CURAC - Deutsche Gesellschaft f\u00fcr Computer- und Roboterassistierte Chirurgie","description":"Deutsche Gesellschaft f\u00fcr Computer- und Roboterassistierte Chirurgie e. V.","publisher":{"@id":"https:\/\/curac.org\/#organization"},"potentialAction":[{"@type":"SearchAction","target":{"@type":"EntryPoint","urlTemplate":"https:\/\/curac.org\/?s={search_term_string}"},"query-input":{"@type":"PropertyValueSpecification","valueRequired":true,"valueName":"search_term_string"}}],"inLanguage":"en-GB"},{"@type":"Organization","@id":"https:\/\/curac.org\/#organization","name":"CURAC - Deutsche Gesellschaft f\u00fcr Computer- und Roboterassistierte Chirurgie","url":"https:\/\/curac.org\/","logo":{"@type":"ImageObject","inLanguage":"en-GB","@id":"https:\/\/curac.org\/#\/schema\/logo\/image\/","url":"https:\/\/curac.org\/wp-content\/uploads\/2024\/02\/logo.png","contentUrl":"https:\/\/curac.org\/wp-content\/uploads\/2024\/02\/logo.png","width":250,"height":123,"caption":"CURAC - Deutsche Gesellschaft f\u00fcr Computer- und Roboterassistierte Chirurgie"},"image":{"@id":"https:\/\/curac.org\/#\/schema\/logo\/image\/"}}]}},"_links":{"self":[{"href":"https:\/\/curac.org\/en\/wp-json\/wp\/v2\/pages\/16","targetHints":{"allow":["GET"]}}],"collection":[{"href":"https:\/\/curac.org\/en\/wp-json\/wp\/v2\/pages"}],"about":[{"href":"https:\/\/curac.org\/en\/wp-json\/wp\/v2\/types\/page"}],"author":[{"embeddable":true,"href":"https:\/\/curac.org\/en\/wp-json\/wp\/v2\/users\/1"}],"replies":[{"embeddable":true,"href":"https:\/\/curac.org\/en\/wp-json\/wp\/v2\/comments?post=16"}],"version-history":[{"count":23,"href":"https:\/\/curac.org\/en\/wp-json\/wp\/v2\/pages\/16\/revisions"}],"predecessor-version":[{"id":4425,"href":"https:\/\/curac.org\/en\/wp-json\/wp\/v2\/pages\/16\/revisions\/4425"}],"wp:attachment":[{"href":"https:\/\/curac.org\/en\/wp-json\/wp\/v2\/media?parent=16"}],"curies":[{"name":"wp","href":"https:\/\/api.w.org\/{rel}","templated":true}]}}