{"id":1059,"date":"2025-01-12T16:14:12","date_gmt":"2025-01-12T16:14:12","guid":{"rendered":"https:\/\/curac.org\/?page_id=1059"},"modified":"2025-01-23T12:52:24","modified_gmt":"2025-01-23T12:52:24","slug":"nachwuchsfoerderung","status":"publish","type":"page","link":"https:\/\/curac.org\/en\/nachwuchsfoerderung\/","title":{"rendered":"Promotion of young talent"},"content":{"rendered":"<div id=\"fws_6a04656b8202e\"  data-column-margin=\"default\" data-midnight=\"dark\" data-top-percent=\"8%\" data-bottom-percent=\"5%\"  class=\"wpb_row vc_row-fluid vc_row full-width-section bg-animation--slight parallax_section\"  style=\"padding-top: calc(100vw * 0.08); padding-bottom: calc(100vw * 0.05); \"><div class=\"row-bg-wrap\" data-bg-animation=\"zoom-out-reveal\" data-bg-animation-delay=\"250\" data-bg-overlay=\"true\"><div class=\"inner-wrap row-bg-layer using-image\" ><div class=\"row-bg viewport-desktop using-image\" data-parallax-speed=\"fast\" style=\"background-image: url(https:\/\/curac.org\/wp-content\/uploads\/2025\/01\/42346704_s.jpg); background-position: left top; background-repeat: no-repeat; \"><\/div><\/div><div class=\"row-bg-overlay row-bg-layer\" style=\"background: #0c2d64; background: linear-gradient(90deg,#0c2d64 0%,rgba(106,170,222,0.5) 100%);  opacity: 0.95; \"><\/div><\/div><div class=\"nectar-shape-divider-wrap no-color\" style=\" height:100px;\"  data-height=\"100\" data-front=\"\" data-style=\"tilt_alt\" data-position=\"bottom\" ><svg class=\"nectar-shape-divider\" aria-hidden=\"true\" fill=\"\" xmlns=\"http:\/\/www.w3.org\/2000\/svg\" viewbox=\"0 0 100 10\" preserveaspectratio=\"none\"> <polygon points=\"100 10 100 0 -4 10\"><\/polygon> <\/svg><\/div><div class=\"row_col_wrap_12 col span_12 dark left\">\n\t<div style=\" color: #ffffff;\" class=\"vc_col-sm-8 wpb_column column_container vc_column_container col no-extra-padding inherit_tablet inherit_phone\" data-cfc=\"true\"  data-padding-pos=\"all\" data-has-bg-color=\"false\" data-bg-color=\"\" data-bg-opacity=\"1\" data-animation=\"\" data-delay=\"0\" >\n\t\t<div class=\"vc_column-inner\" >\n\t\t\t<div class=\"wpb_wrapper\">\n\t\t\t\t<div class=\"nectar-gradient-text\" data-direction=\"horizontal\" data-color=\"extra-color-gradient-1\" style=\"\"><h1>Promotion of Young Researchers and Scholarships<\/h1><\/div>\n<div class=\"wpb_text_column wpb_content_element\" >\n\t<h3>Mobility grant for young researchers<\/h3>\n<\/div>\n\n\n\n\n<div class=\"wpb_text_column wpb_content_element\" >\n\t<p>The CURAC offers mobility grants for young researchers. The scholarships serve for the initiation or continuation of a scientific cooperation in computer- and robot-assisted surgery or in adjacent fields (computer and robot support in radiotherapy and interventional radiology). The grant supports one or more guest stays of PhD students \/ postdocs in a host institution locally or abroad with the goal to conduct experiments, develop soft- and hardware in a suitable environment, and \/ or to initiate third-party funded projects, such that the funding has the character of start-up financing. Supported items include direct mobility costs, such as travel expenses and local rents. The CURAC plans to support several junior scientists and their projects via the scholarship. The amount of each individual scholarship is not limited, but the requested sum must be reasonable.<\/p>\n<\/div>\n\n\n\n\n\t\t\t<\/div> \n\t\t<\/div>\n\t<\/div> \n\n\t<div  class=\"vc_col-sm-4 wpb_column column_container vc_column_container col no-extra-padding inherit_tablet inherit_phone\"  data-padding-pos=\"all\" data-has-bg-color=\"false\" data-bg-color=\"\" data-bg-opacity=\"1\" data-animation=\"\" data-delay=\"0\" >\n\t\t<div class=\"vc_column-inner\" >\n\t\t\t<div class=\"wpb_wrapper\">\n\t\t\t\t\n\t\t\t<\/div> \n\t\t<\/div>\n\t<\/div> \n<\/div><\/div>\n\t\t<div id=\"struktur\"  data-column-margin=\"default\" data-midnight=\"dark\" data-top-percent=\"4%\" data-bottom-percent=\"6%\"  class=\"wpb_row vc_row-fluid vc_row full-width-section\"  style=\"padding-top: calc(100vw * 0.04); padding-bottom: calc(100vw * 0.06); \"><div class=\"row-bg-wrap\" data-bg-animation=\"none\" data-bg-animation-delay=\"\" data-bg-overlay=\"false\"><div class=\"inner-wrap row-bg-layer\" ><div class=\"row-bg viewport-desktop\"  style=\"\"><\/div><\/div><\/div><div class=\"row_col_wrap_12 col span_12 dark left\">\n\t<div  class=\"vc_col-sm-12 wpb_column column_container vc_column_container col no-extra-padding inherit_tablet inherit_phone\"  data-padding-pos=\"all\" data-has-bg-color=\"false\" data-bg-color=\"\" data-bg-opacity=\"1\" data-animation=\"\" data-delay=\"0\" >\n\t\t<div class=\"vc_column-inner\" >\n\t\t\t<div class=\"wpb_wrapper\">\n\t\t\t\t<div id=\"fws_6a04656b84ba0\" data-midnight=\"\" data-column-margin=\"40px\" class=\"wpb_row vc_row-fluid vc_row inner_row\"  style=\"\"><div class=\"row-bg-wrap\"> <div class=\"row-bg\" ><\/div> <\/div><div class=\"row_col_wrap_12_inner col span_12  left\">\n\t<div style=\" color: #000000;z-index: 100; \" class=\"vc_col-sm-6 wpb_column column_container vc_column_container col child_column el_spacing_10px col-overflow-hidden backdrop_filter_blur backdrop_blur_25 left_padding_desktop_40px left_padding_phone_20px top_padding_desktop_40px top_padding_phone_20px right_padding_desktop_40px right_padding_phone_20px bottom_padding_desktop_40px bottom_padding_phone_20px\" data-cfc=\"true\"  data-shadow=\"custom\" data-padding-pos=\"all\" data-has-bg-color=\"false\" data-bg-color=\"\" data-bg-opacity=\"1\" data-animation=\"\" data-delay=\"0\" >\n\t\t<div class=\"vc_column-inner\" style=\"box-shadow: 40px 15px 60px -20px rgba(0,0,0,0.175);\"><div class=\"column-bg-overlay-wrap column-bg-layer\" data-bg-animation=\"none\"><div class=\"column-bg-overlay\"><\/div><\/div>\n\t\t<div class=\"wpb_wrapper\">\n\t\t\t<div class=\"nectar-fancy-ul\" data-list-icon=\"icon-salient-check\" data-animation=\"false\" data-animation-delay=\"0\" data-color=\"accent-color\" data-spacing=\"default\" data-alignment=\"left\"> \n<h4 class=\"qx-blurb-title\">Requirements for funding<\/h4>\n<ul>\n<li>Maximum age: usually 35 years (excluding parental leave periods)<\/li>\n<li>CURAC membership<\/li>\n<\/ul>\n<div class=\"qx-blurb-content\"><\/div>\n<h4><\/h4>\n<h4 class=\"qx-blurb-title\">Application documents to be submitted<\/h4>\n<ul>\n<li>Cover letter and motivation<\/li>\n<li class=\"qx-blurb-content\">Two-sided work schedule, including a short description of preliminary work<\/li>\n<li class=\"qx-blurb-content\">Detailed list of the applied funds<\/li>\n<li class=\"qx-blurb-content\">Max. two-sided CV (including list of publications and patents, if applicable)<\/li>\n<\/ul>\n <\/div>\n\t\t<\/div> \n\t<\/div>\n\t<\/div> \n\n\t<div style=\"\" class=\"vc_col-sm-6 wpb_column column_container vc_column_container col child_column el_spacing_10px left_padding_desktop_40px left_padding_phone_20px top_padding_desktop_40px top_padding_phone_20px right_padding_desktop_40px right_padding_phone_20px bottom_padding_desktop_40px bottom_padding_phone_20px\"  data-using-bg=\"true\" data-shadow=\"custom\" data-padding-pos=\"all\" data-has-bg-color=\"true\" data-bg-color=\"rgba(106,170,222,0.5)\" data-bg-opacity=\"0.5\" data-animation=\"\" data-delay=\"0\" >\n\t\t<div class=\"vc_column-inner\" style=\"box-shadow: 40px 15px 60px -20px rgba(0,0,0,0.175);\"><div class=\"column-bg-overlay-wrap column-bg-layer\" data-bg-animation=\"none\"><div class=\"column-bg-overlay\" style=\"opacity: 0.5; background-color: rgba(106,170,222,0.5);\"><\/div><\/div>\n\t\t<div class=\"wpb_wrapper\">\n\t\t\t\n<div class=\"wpb_text_column wpb_content_element\" >\n\t<h4>Deadline for submission: June, 30 each year<\/h4>\n<h4>Decision about the grant: August, 15<\/h4>\n<\/div>\n\n\n\n<div class=\"divider-wrap\" data-alignment=\"default\"><div style=\"height: 20px;\" class=\"divider\"><\/div><\/div>\n<div class=\"wpb_text_column wpb_content_element\" >\n\t<p>Please send your complete application to:<br \/>\n<strong><a href=\"mailto:geschaeftsstelle@curac.org\">geschaeftsstelle@curac.org<\/a><\/strong><\/p>\n<\/div>\n\n\n\n<div class=\"divider-wrap\" data-alignment=\"default\"><div style=\"height: 20px;\" class=\"divider\"><\/div><\/div><a class=\"nectar-button jumbo regular m-extra-color-gradient-1\"  role=\"button\" style=\"\"  href=\"mailto:geschaeftsstelle@curac.org\" data-color-override=\"false\" data-hover-color-override=\"false\" data-hover-text-color-override=\"#fff\"><span>Submit application<\/span><\/a>\n\t\t<\/div> \n\t<\/div>\n\t<\/div> \n<\/div><\/div><div id=\"fws_6a04656b863f3\" data-midnight=\"\" data-column-margin=\"default\" class=\"wpb_row vc_row-fluid vc_row inner_row\"  style=\"padding-top: 5%; \"><div class=\"row-bg-wrap\"> <div class=\"row-bg\" ><\/div> <\/div><div class=\"row_col_wrap_12_inner col span_12  left\">\n\t<div  class=\"vc_col-sm-9 wpb_column column_container vc_column_container col child_column no-extra-padding inherit_tablet inherit_phone\"   data-padding-pos=\"all\" data-has-bg-color=\"false\" data-bg-color=\"\" data-bg-opacity=\"1\" data-animation=\"\" data-delay=\"0\" >\n\t\t<div class=\"vc_column-inner\" >\n\t\t<div class=\"wpb_wrapper\">\n\t\t\t\n<div class=\"wpb_text_column wpb_content_element\" >\n\t<p>The submitted applications are reviewed and prioritized by the CURAC board (with consultation of further experts, if necessary). The CURAC reserves the right to support applicants with partial amounts.<\/p>\n<p>The CURAC mobility grant is awarded at the annual CURAC meeting.<\/p>\n<p>&nbsp;<\/p>\n<div id=\"qx-text-214836\" class=\"qx-element qx-element-text\">\n<h3>Travel grant for the annual CURAC meeting<\/h3>\n<h3 class=\"translation-block\"><span style=\"font-size: 16px\">CURAC offers travel grants to a maximum amount of <\/span><strong style=\"font-size: 16px\">500 EUR <\/strong><span style=\"font-size: 16px\">to attend the annual CURAC meeting.<\/span><\/h3>\n<\/div>\n<div id=\"qx-text-574778\" class=\"qx-element qx-element-text\">\n<p>Applicants should be among the top 30% of the Paper ranking (in 2010: &gt;68 points) and should be 35 years or younger.<\/p>\n<p>Applications are to be submitted informally to the CURAC office.<\/p>\n<\/div>\n<\/div>\n\n\n\n\n\t\t<\/div> \n\t<\/div>\n\t<\/div> \n\n\t<div  class=\"vc_col-sm-3 wpb_column column_container vc_column_container col child_column no-extra-padding inherit_tablet inherit_phone\"   data-padding-pos=\"all\" data-has-bg-color=\"false\" data-bg-color=\"\" data-bg-opacity=\"1\" data-animation=\"\" data-delay=\"0\" >\n\t\t<div class=\"vc_column-inner\" >\n\t\t<div class=\"wpb_wrapper\">\n\t\t\t\n\t\t<\/div> \n\t<\/div>\n\t<\/div> \n<\/div><\/div>\n\t\t\t<\/div> \n\t\t<\/div>\n\t<\/div> \n<\/div><\/div>","protected":false},"excerpt":{"rendered":"Nachwuchsf\u00f6rderung und Stipendien Mobilit\u00e4tsstipendium f\u00fcr den wissenschaftlichen Nachwuchs Die CURAC lobt Mobilit\u00e4tsstipendien f\u00fcr Nachwuchswissenschaftler*innen aus. Die Stipendien dienen der Initiierung oder Fortf\u00fchrung einer wissenschaftlichen Kooperation in der computer- und robotergest\u00fctzten...","protected":false},"author":1,"featured_media":0,"parent":0,"menu_order":0,"comment_status":"closed","ping_status":"closed","template":"","meta":{"footnotes":""},"class_list":["post-1059","page","type-page","status-publish"],"yoast_head":"<!-- This site is optimized with the Yoast SEO plugin v27.5 - https:\/\/yoast.com\/product\/yoast-seo-wordpress\/ -->\n<title>Nachwuchsf\u00f6rderung - CURAC<\/title>\n<meta name=\"robots\" content=\"index, follow, max-snippet:-1, max-image-preview:large, max-video-preview:-1\" \/>\n<link rel=\"canonical\" href=\"https:\/\/curac.org\/en\/nachwuchsfoerderung\/\" \/>\n<meta property=\"og:locale\" content=\"en_GB\" \/>\n<meta property=\"og:type\" content=\"article\" \/>\n<meta property=\"og:title\" content=\"Nachwuchsf\u00f6rderung - CURAC\" \/>\n<meta property=\"og:url\" content=\"https:\/\/curac.org\/en\/nachwuchsfoerderung\/\" \/>\n<meta property=\"og:site_name\" content=\"CURAC\" \/>\n<meta property=\"article:modified_time\" content=\"2025-01-23T12:52:24+00:00\" \/>\n<meta name=\"twitter:card\" content=\"summary_large_image\" \/>\n<meta name=\"twitter:label1\" content=\"Estimated reading time\" \/>\n\t<meta name=\"twitter:data1\" content=\"7 minutes\" \/>\n<script type=\"application\/ld+json\" class=\"yoast-schema-graph\">{\"@context\":\"https:\\\/\\\/schema.org\",\"@graph\":[{\"@type\":\"WebPage\",\"@id\":\"https:\\\/\\\/curac.org\\\/nachwuchsfoerderung\\\/\",\"url\":\"https:\\\/\\\/curac.org\\\/nachwuchsfoerderung\\\/\",\"name\":\"Nachwuchsf\u00f6rderung - CURAC\",\"isPartOf\":{\"@id\":\"https:\\\/\\\/curac.org\\\/#website\"},\"datePublished\":\"2025-01-12T16:14:12+00:00\",\"dateModified\":\"2025-01-23T12:52:24+00:00\",\"breadcrumb\":{\"@id\":\"https:\\\/\\\/curac.org\\\/nachwuchsfoerderung\\\/#breadcrumb\"},\"inLanguage\":\"en-GB\",\"potentialAction\":[{\"@type\":\"ReadAction\",\"target\":[\"https:\\\/\\\/curac.org\\\/nachwuchsfoerderung\\\/\"]}]},{\"@type\":\"BreadcrumbList\",\"@id\":\"https:\\\/\\\/curac.org\\\/nachwuchsfoerderung\\\/#breadcrumb\",\"itemListElement\":[{\"@type\":\"ListItem\",\"position\":1,\"name\":\"Startseite\",\"item\":\"https:\\\/\\\/curac.org\\\/\"},{\"@type\":\"ListItem\",\"position\":2,\"name\":\"Nachwuchsf\u00f6rderung\"}]},{\"@type\":\"WebSite\",\"@id\":\"https:\\\/\\\/curac.org\\\/#website\",\"url\":\"https:\\\/\\\/curac.org\\\/\",\"name\":\"CURAC - Deutsche Gesellschaft f\u00fcr Computer- und Roboterassistierte Chirurgie\",\"description\":\"Deutsche Gesellschaft f\u00fcr Computer- und Roboterassistierte Chirurgie e. V.\",\"publisher\":{\"@id\":\"https:\\\/\\\/curac.org\\\/#organization\"},\"potentialAction\":[{\"@type\":\"SearchAction\",\"target\":{\"@type\":\"EntryPoint\",\"urlTemplate\":\"https:\\\/\\\/curac.org\\\/?s={search_term_string}\"},\"query-input\":{\"@type\":\"PropertyValueSpecification\",\"valueRequired\":true,\"valueName\":\"search_term_string\"}}],\"inLanguage\":\"en-GB\"},{\"@type\":\"Organization\",\"@id\":\"https:\\\/\\\/curac.org\\\/#organization\",\"name\":\"CURAC - Deutsche Gesellschaft f\u00fcr Computer- und Roboterassistierte Chirurgie\",\"url\":\"https:\\\/\\\/curac.org\\\/\",\"logo\":{\"@type\":\"ImageObject\",\"inLanguage\":\"en-GB\",\"@id\":\"https:\\\/\\\/curac.org\\\/#\\\/schema\\\/logo\\\/image\\\/\",\"url\":\"https:\\\/\\\/curac.org\\\/wp-content\\\/uploads\\\/2024\\\/02\\\/logo.png\",\"contentUrl\":\"https:\\\/\\\/curac.org\\\/wp-content\\\/uploads\\\/2024\\\/02\\\/logo.png\",\"width\":250,\"height\":123,\"caption\":\"CURAC - Deutsche Gesellschaft f\u00fcr Computer- und Roboterassistierte Chirurgie\"},\"image\":{\"@id\":\"https:\\\/\\\/curac.org\\\/#\\\/schema\\\/logo\\\/image\\\/\"}}]}<\/script>\n<!-- \/ Yoast SEO plugin. -->","yoast_head_json":{"title":"Nachwuchsf\u00f6rderung - CURAC","robots":{"index":"index","follow":"follow","max-snippet":"max-snippet:-1","max-image-preview":"max-image-preview:large","max-video-preview":"max-video-preview:-1"},"canonical":"https:\/\/curac.org\/en\/nachwuchsfoerderung\/","og_locale":"en_GB","og_type":"article","og_title":"Nachwuchsf\u00f6rderung - CURAC","og_url":"https:\/\/curac.org\/en\/nachwuchsfoerderung\/","og_site_name":"CURAC","article_modified_time":"2025-01-23T12:52:24+00:00","twitter_card":"summary_large_image","twitter_misc":{"Estimated reading time":"7 minutes"},"schema":{"@context":"https:\/\/schema.org","@graph":[{"@type":"WebPage","@id":"https:\/\/curac.org\/nachwuchsfoerderung\/","url":"https:\/\/curac.org\/nachwuchsfoerderung\/","name":"Nachwuchsf\u00f6rderung - CURAC","isPartOf":{"@id":"https:\/\/curac.org\/#website"},"datePublished":"2025-01-12T16:14:12+00:00","dateModified":"2025-01-23T12:52:24+00:00","breadcrumb":{"@id":"https:\/\/curac.org\/nachwuchsfoerderung\/#breadcrumb"},"inLanguage":"en-GB","potentialAction":[{"@type":"ReadAction","target":["https:\/\/curac.org\/nachwuchsfoerderung\/"]}]},{"@type":"BreadcrumbList","@id":"https:\/\/curac.org\/nachwuchsfoerderung\/#breadcrumb","itemListElement":[{"@type":"ListItem","position":1,"name":"Startseite","item":"https:\/\/curac.org\/"},{"@type":"ListItem","position":2,"name":"Nachwuchsf\u00f6rderung"}]},{"@type":"WebSite","@id":"https:\/\/curac.org\/#website","url":"https:\/\/curac.org\/","name":"CURAC - Deutsche Gesellschaft f\u00fcr Computer- und Roboterassistierte Chirurgie","description":"Deutsche Gesellschaft f\u00fcr Computer- und Roboterassistierte Chirurgie e. V.","publisher":{"@id":"https:\/\/curac.org\/#organization"},"potentialAction":[{"@type":"SearchAction","target":{"@type":"EntryPoint","urlTemplate":"https:\/\/curac.org\/?s={search_term_string}"},"query-input":{"@type":"PropertyValueSpecification","valueRequired":true,"valueName":"search_term_string"}}],"inLanguage":"en-GB"},{"@type":"Organization","@id":"https:\/\/curac.org\/#organization","name":"CURAC - Deutsche Gesellschaft f\u00fcr Computer- und Roboterassistierte Chirurgie","url":"https:\/\/curac.org\/","logo":{"@type":"ImageObject","inLanguage":"en-GB","@id":"https:\/\/curac.org\/#\/schema\/logo\/image\/","url":"https:\/\/curac.org\/wp-content\/uploads\/2024\/02\/logo.png","contentUrl":"https:\/\/curac.org\/wp-content\/uploads\/2024\/02\/logo.png","width":250,"height":123,"caption":"CURAC - Deutsche Gesellschaft f\u00fcr Computer- und Roboterassistierte Chirurgie"},"image":{"@id":"https:\/\/curac.org\/#\/schema\/logo\/image\/"}}]}},"_links":{"self":[{"href":"https:\/\/curac.org\/en\/wp-json\/wp\/v2\/pages\/1059","targetHints":{"allow":["GET"]}}],"collection":[{"href":"https:\/\/curac.org\/en\/wp-json\/wp\/v2\/pages"}],"about":[{"href":"https:\/\/curac.org\/en\/wp-json\/wp\/v2\/types\/page"}],"author":[{"embeddable":true,"href":"https:\/\/curac.org\/en\/wp-json\/wp\/v2\/users\/1"}],"replies":[{"embeddable":true,"href":"https:\/\/curac.org\/en\/wp-json\/wp\/v2\/comments?post=1059"}],"version-history":[{"count":15,"href":"https:\/\/curac.org\/en\/wp-json\/wp\/v2\/pages\/1059\/revisions"}],"predecessor-version":[{"id":1222,"href":"https:\/\/curac.org\/en\/wp-json\/wp\/v2\/pages\/1059\/revisions\/1222"}],"wp:attachment":[{"href":"https:\/\/curac.org\/en\/wp-json\/wp\/v2\/media?parent=1059"}],"curies":[{"name":"wp","href":"https:\/\/api.w.org\/{rel}","templated":true}]}}